{"id":12732,"date":"2024-05-22T18:15:18","date_gmt":"2024-05-22T21:15:18","guid":{"rendered":"https:\/\/atosedicoes.com.br\/?post_type=product&#038;p=12732"},"modified":"2026-05-01T23:26:06","modified_gmt":"2026-05-02T02:26:06","slug":"caneca-literaria","status":"publish","type":"product","link":"https:\/\/atosedicoes.com.br\/index.php\/product\/caneca-literaria\/","title":{"rendered":"Caneca Liter\u00e1ria"},"content":{"rendered":"<p>Comece seu dia com inspira\u00e7\u00e3o usando a Caneca Liter\u00e1ria da Editora Atos. Perfeita para caf\u00e9, ch\u00e1 ou sua bebida favorita, esta caneca possui um design exclusivo que celebra o amor pela leitura. Feita de cer\u00e2mica de alta qualidade, \u00e9 resistente e ideal para uso di\u00e1rio, seja em casa ou no escrit\u00f3rio.<\/p>\n","protected":false},"excerpt":{"rendered":"<p><strong>Caneca Liter\u00e1ria<\/strong> Comece seu dia com inspira\u00e7\u00e3o usando a Caneca Liter\u00e1ria da Editora Atos. Perfeita para caf\u00e9, ch\u00e1 ou sua bebida favorita, esta caneca possui um design exclusivo que celebra o amor pela leitura. Feita de cer\u00e2mica de alta qualidade, \u00e9 resistente e ideal para uso di\u00e1rio, seja em casa ou no escrit\u00f3rio.<\/p>\n","protected":false},"featured_media":12730,"comment_status":"open","ping_status":"closed","template":"","meta":{"inline_featured_image":false},"product_brand":[],"product_cat":[87],"product_tag":[],"class_list":{"0":"post-12732","1":"product","2":"type-product","3":"status-publish","4":"has-post-thumbnail","6":"product_cat-presentes","8":"first","9":"instock","10":"taxable","11":"shipping-taxable","12":"purchasable","13":"product-type-simple","14":"ebbe-col"},"_links":{"self":[{"href":"https:\/\/atosedicoes.com.br\/index.php\/wp-json\/wp\/v2\/product\/12732","targetHints":{"allow":["GET"]}}],"collection":[{"href":"https:\/\/atosedicoes.com.br\/index.php\/wp-json\/wp\/v2\/product"}],"about":[{"href":"https:\/\/atosedicoes.com.br\/index.php\/wp-json\/wp\/v2\/types\/product"}],"replies":[{"embeddable":true,"href":"https:\/\/atosedicoes.com.br\/index.php\/wp-json\/wp\/v2\/comments?post=12732"}],"wp:featuredmedia":[{"embeddable":true,"href":"https:\/\/atosedicoes.com.br\/index.php\/wp-json\/wp\/v2\/media\/12730"}],"wp:attachment":[{"href":"https:\/\/atosedicoes.com.br\/index.php\/wp-json\/wp\/v2\/media?parent=12732"}],"wp:term":[{"taxonomy":"product_brand","embeddable":true,"href":"https:\/\/atosedicoes.com.br\/index.php\/wp-json\/wp\/v2\/product_brand?post=12732"},{"taxonomy":"product_cat","embeddable":true,"href":"https:\/\/atosedicoes.com.br\/index.php\/wp-json\/wp\/v2\/product_cat?post=12732"},{"taxonomy":"product_tag","embeddable":true,"href":"https:\/\/atosedicoes.com.br\/index.php\/wp-json\/wp\/v2\/product_tag?post=12732"}],"curies":[{"name":"wp","href":"https:\/\/api.w.org\/{rel}","templated":true}]}}