{"id":12731,"date":"2024-05-22T18:14:17","date_gmt":"2024-05-22T21:14:17","guid":{"rendered":"https:\/\/atosedicoes.com.br\/?post_type=product&#038;p=12731"},"modified":"2026-05-02T00:14:49","modified_gmt":"2026-05-02T03:14:49","slug":"pin-exclusivo-atos","status":"publish","type":"product","link":"https:\/\/atosedicoes.com.br\/index.php\/product\/pin-exclusivo-atos\/","title":{"rendered":"Pin Exclusivo Atos"},"content":{"rendered":"<p>Mostre seu amor pela leitura e pela Editora Atos com nosso Pin Exclusivo. Este acess\u00f3rio charmoso \u00e9 perfeito para decorar mochilas, jaquetas e estojos. Feito com materiais de alta qualidade, o pin \u00e9 uma maneira simples e elegante de demonstrar sua paix\u00e3o pelos livros e pela educa\u00e7\u00e3o.<\/p>\n","protected":false},"excerpt":{"rendered":"<p><strong>Pin Exclusivo Atos<\/strong> Mostre seu amor pela leitura e pela Editora Atos com nosso Pin Exclusivo. Este acess\u00f3rio charmoso \u00e9 perfeito para decorar mochilas, jaquetas e estojos. Feito com materiais de alta qualidade, o pin \u00e9 uma maneira simples e elegante de demonstrar sua paix\u00e3o pelos livros e pela educa\u00e7\u00e3o.<\/p>\n","protected":false},"featured_media":12729,"comment_status":"open","ping_status":"closed","template":"","meta":{"inline_featured_image":false},"product_brand":[],"product_cat":[87],"product_tag":[],"class_list":{"0":"post-12731","1":"product","2":"type-product","3":"status-publish","4":"has-post-thumbnail","6":"product_cat-presentes","8":"first","9":"instock","10":"taxable","11":"shipping-taxable","12":"purchasable","13":"product-type-simple","14":"ebbe-col"},"_links":{"self":[{"href":"https:\/\/atosedicoes.com.br\/index.php\/wp-json\/wp\/v2\/product\/12731","targetHints":{"allow":["GET"]}}],"collection":[{"href":"https:\/\/atosedicoes.com.br\/index.php\/wp-json\/wp\/v2\/product"}],"about":[{"href":"https:\/\/atosedicoes.com.br\/index.php\/wp-json\/wp\/v2\/types\/product"}],"replies":[{"embeddable":true,"href":"https:\/\/atosedicoes.com.br\/index.php\/wp-json\/wp\/v2\/comments?post=12731"}],"wp:featuredmedia":[{"embeddable":true,"href":"https:\/\/atosedicoes.com.br\/index.php\/wp-json\/wp\/v2\/media\/12729"}],"wp:attachment":[{"href":"https:\/\/atosedicoes.com.br\/index.php\/wp-json\/wp\/v2\/media?parent=12731"}],"wp:term":[{"taxonomy":"product_brand","embeddable":true,"href":"https:\/\/atosedicoes.com.br\/index.php\/wp-json\/wp\/v2\/product_brand?post=12731"},{"taxonomy":"product_cat","embeddable":true,"href":"https:\/\/atosedicoes.com.br\/index.php\/wp-json\/wp\/v2\/product_cat?post=12731"},{"taxonomy":"product_tag","embeddable":true,"href":"https:\/\/atosedicoes.com.br\/index.php\/wp-json\/wp\/v2\/product_tag?post=12731"}],"curies":[{"name":"wp","href":"https:\/\/api.w.org\/{rel}","templated":true}]}}